{"id":56,"date":"2025-06-29T12:33:33","date_gmt":"2025-06-29T12:33:33","guid":{"rendered":"https:\/\/kostvejledningudafhuset.dk\/?page_id=56"},"modified":"2025-06-29T15:58:32","modified_gmt":"2025-06-29T15:58:32","slug":"kostvejledningsforloeb-2","status":"publish","type":"page","link":"https:\/\/kostvejledningudafhuset.dk\/index.php\/kostvejledningsforloeb-2\/","title":{"rendered":"Kostvejledningsforl\u00f8b"},"content":{"rendered":"\t\t<div data-elementor-type=\"wp-page\" data-elementor-id=\"56\" class=\"elementor elementor-56\">\n\t\t\t\t<div class=\"elementor-element elementor-element-06380b6 e-flex e-con-boxed e-con e-parent\" data-id=\"06380b6\" data-element_type=\"container\">\n\t\t\t\t\t<div class=\"e-con-inner\">\n\t\t<div class=\"elementor-element elementor-element-0e95722 e-con-full e-flex e-con e-child\" data-id=\"0e95722\" data-element_type=\"container\">\n\t\t\t\t<div class=\"elementor-element elementor-element-dc6d662 elementor-widget elementor-widget-text-editor\" data-id=\"dc6d662\" data-element_type=\"widget\" data-widget_type=\"text-editor.default\">\n\t\t\t\t<div class=\"elementor-widget-container\">\n\t\t\t\t\t\t\t\t\t<p data-start=\"0\" data-end=\"338\">Det kan v\u00e6re en udfordring at \u00e6ndre sine kostvaner og begr\u00e6nse forbruget af de usunde f\u00f8devarer, som man m\u00e5ske har et t\u00e6t forhold til. En kost\u00e6ndring kr\u00e6ver ogs\u00e5, at man introducerer nye f\u00f8devarer, som man m\u00e5ske ikke har meget erfaring med. Derfor indeholder et vejledningsforl\u00f8b hos mig b\u00e5de praktisk madlavning og personlig vejledning.<\/p><p data-start=\"340\" data-end=\"711\">Hver gang vi m\u00f8des, starter vi med at tale om dine m\u00e5l, v\u00e6gt og forventninger \u2013 og derefter g\u00e5r vi direkte i k\u00f8kkenet. For mig er det vigtigt, at du f\u00e5r gr\u00f8ntsagerne ind mellem h\u00e6nderne og genoplever sanserne: duft, smag og f\u00f8lelse. At \u00e6ndre kostvaner, og m\u00e5ske tabe sig, er en proces, hvor det ikke kun er maden, vi skal arbejde med, men ogs\u00e5 vores indstilling til den.<\/p><p data-start=\"713\" data-end=\"813\" data-is-last-node=\"\" data-is-only-node=\"\">Den rejse starter b\u00e5de i k\u00f8kkenet \u2013 og i hovedet. Sammen tager vi skridtene mod en sundere livsstil.<\/p>\t\t\t\t\t\t\t\t<\/div>\n\t\t\t\t<\/div>\n\t\t\t\t<\/div>\n\t\t<div class=\"elementor-element elementor-element-420d589 e-con-full e-flex e-con e-child\" data-id=\"420d589\" data-element_type=\"container\">\n\t\t\t\t<\/div>\n\t\t\t\t\t<\/div>\n\t\t\t\t<\/div>\n\t\t\t\t<\/div>\n\t\t","protected":false},"excerpt":{"rendered":"<p>Det kan v\u00e6re en udfordring at \u00e6ndre sine kostvaner og begr\u00e6nse forbruget af de usunde f\u00f8devarer, som man m\u00e5ske har et t\u00e6t forhold til. En kost\u00e6ndring kr\u00e6ver ogs\u00e5, at man introducerer nye f\u00f8devarer, som man m\u00e5ske ikke har meget erfaring med. Derfor indeholder et vejledningsforl\u00f8b hos mig b\u00e5de praktisk madlavning og personlig vejledning. Hver gang &hellip; <\/p>\n<p class=\"link-more\"><a href=\"https:\/\/kostvejledningudafhuset.dk\/index.php\/kostvejledningsforloeb-2\/\" class=\"more-link\">L\u00e6s videre<span class=\"screen-reader-text\"> &#8220;Kostvejledningsforl\u00f8b&#8221;<\/span><\/a><\/p>\n","protected":false},"author":1,"featured_media":0,"parent":0,"menu_order":0,"comment_status":"closed","ping_status":"closed","template":"elementor_header_footer","meta":{"footnotes":""},"class_list":["post-56","page","type-page","status-publish","hentry"],"_links":{"self":[{"href":"https:\/\/kostvejledningudafhuset.dk\/index.php\/wp-json\/wp\/v2\/pages\/56","targetHints":{"allow":["GET"]}}],"collection":[{"href":"https:\/\/kostvejledningudafhuset.dk\/index.php\/wp-json\/wp\/v2\/pages"}],"about":[{"href":"https:\/\/kostvejledningudafhuset.dk\/index.php\/wp-json\/wp\/v2\/types\/page"}],"author":[{"embeddable":true,"href":"https:\/\/kostvejledningudafhuset.dk\/index.php\/wp-json\/wp\/v2\/users\/1"}],"replies":[{"embeddable":true,"href":"https:\/\/kostvejledningudafhuset.dk\/index.php\/wp-json\/wp\/v2\/comments?post=56"}],"version-history":[{"count":8,"href":"https:\/\/kostvejledningudafhuset.dk\/index.php\/wp-json\/wp\/v2\/pages\/56\/revisions"}],"predecessor-version":[{"id":69,"href":"https:\/\/kostvejledningudafhuset.dk\/index.php\/wp-json\/wp\/v2\/pages\/56\/revisions\/69"}],"wp:attachment":[{"href":"https:\/\/kostvejledningudafhuset.dk\/index.php\/wp-json\/wp\/v2\/media?parent=56"}],"curies":[{"name":"wp","href":"https:\/\/api.w.org\/{rel}","templated":true}]}}