{"id":21,"date":"2025-04-19T15:22:06","date_gmt":"2025-04-19T15:22:06","guid":{"rendered":"https:\/\/kostvejledningudafhuset.dk\/?page_id=21"},"modified":"2025-04-19T15:22:06","modified_gmt":"2025-04-19T15:22:06","slug":"kontakt","status":"publish","type":"page","link":"https:\/\/kostvejledningudafhuset.dk\/index.php\/kontakt\/","title":{"rendered":"Kontakt"},"content":{"rendered":"\n<p>Dette er en side med basale kontaktinformationer, s\u00e5som adresse og telefonnummer. Du kan ogs\u00e5 pr\u00f8ve at tilf\u00f8je en kontaktformular her med et plugin.<\/p>\n","protected":false},"excerpt":{"rendered":"<p>Dette er en side med basale kontaktinformationer, s\u00e5som adresse og telefonnummer. Du kan ogs\u00e5 pr\u00f8ve at tilf\u00f8je en kontaktformular her med et plugin.<\/p>\n","protected":false},"author":1,"featured_media":16,"parent":0,"menu_order":0,"comment_status":"closed","ping_status":"closed","template":"","meta":{"footnotes":""},"class_list":["post-21","page","type-page","status-publish","has-post-thumbnail","hentry"],"_links":{"self":[{"href":"https:\/\/kostvejledningudafhuset.dk\/index.php\/wp-json\/wp\/v2\/pages\/21","targetHints":{"allow":["GET"]}}],"collection":[{"href":"https:\/\/kostvejledningudafhuset.dk\/index.php\/wp-json\/wp\/v2\/pages"}],"about":[{"href":"https:\/\/kostvejledningudafhuset.dk\/index.php\/wp-json\/wp\/v2\/types\/page"}],"author":[{"embeddable":true,"href":"https:\/\/kostvejledningudafhuset.dk\/index.php\/wp-json\/wp\/v2\/users\/1"}],"replies":[{"embeddable":true,"href":"https:\/\/kostvejledningudafhuset.dk\/index.php\/wp-json\/wp\/v2\/comments?post=21"}],"version-history":[{"count":1,"href":"https:\/\/kostvejledningudafhuset.dk\/index.php\/wp-json\/wp\/v2\/pages\/21\/revisions"}],"predecessor-version":[{"id":27,"href":"https:\/\/kostvejledningudafhuset.dk\/index.php\/wp-json\/wp\/v2\/pages\/21\/revisions\/27"}],"wp:featuredmedia":[{"embeddable":true,"href":"https:\/\/kostvejledningudafhuset.dk\/index.php\/wp-json\/wp\/v2\/media\/16"}],"wp:attachment":[{"href":"https:\/\/kostvejledningudafhuset.dk\/index.php\/wp-json\/wp\/v2\/media?parent=21"}],"curies":[{"name":"wp","href":"https:\/\/api.w.org\/{rel}","templated":true}]}}