{"id":20,"date":"2025-04-19T15:22:06","date_gmt":"2025-04-19T15:22:06","guid":{"rendered":"https:\/\/kostvejledningudafhuset.dk\/?page_id=20"},"modified":"2025-04-19T15:22:06","modified_gmt":"2025-04-19T15:22:06","slug":"om","status":"publish","type":"page","link":"https:\/\/kostvejledningudafhuset.dk\/index.php\/om\/","title":{"rendered":"Om"},"content":{"rendered":"\n<p>M\u00e5ske er du en kunstner, der gerne vil pr\u00e6sentere dig selv og dit arbejde her, eller m\u00e5ske er du en virksomhed, der har en mission at beskrive.<\/p>\n","protected":false},"excerpt":{"rendered":"<p>M\u00e5ske er du en kunstner, der gerne vil pr\u00e6sentere dig selv og dit arbejde her, eller m\u00e5ske er du en virksomhed, der har en mission at beskrive.<\/p>\n","protected":false},"author":1,"featured_media":17,"parent":0,"menu_order":0,"comment_status":"closed","ping_status":"closed","template":"","meta":{"footnotes":""},"class_list":["post-20","page","type-page","status-publish","has-post-thumbnail","hentry"],"_links":{"self":[{"href":"https:\/\/kostvejledningudafhuset.dk\/index.php\/wp-json\/wp\/v2\/pages\/20","targetHints":{"allow":["GET"]}}],"collection":[{"href":"https:\/\/kostvejledningudafhuset.dk\/index.php\/wp-json\/wp\/v2\/pages"}],"about":[{"href":"https:\/\/kostvejledningudafhuset.dk\/index.php\/wp-json\/wp\/v2\/types\/page"}],"author":[{"embeddable":true,"href":"https:\/\/kostvejledningudafhuset.dk\/index.php\/wp-json\/wp\/v2\/users\/1"}],"replies":[{"embeddable":true,"href":"https:\/\/kostvejledningudafhuset.dk\/index.php\/wp-json\/wp\/v2\/comments?post=20"}],"version-history":[{"count":1,"href":"https:\/\/kostvejledningudafhuset.dk\/index.php\/wp-json\/wp\/v2\/pages\/20\/revisions"}],"predecessor-version":[{"id":26,"href":"https:\/\/kostvejledningudafhuset.dk\/index.php\/wp-json\/wp\/v2\/pages\/20\/revisions\/26"}],"wp:featuredmedia":[{"embeddable":true,"href":"https:\/\/kostvejledningudafhuset.dk\/index.php\/wp-json\/wp\/v2\/media\/17"}],"wp:attachment":[{"href":"https:\/\/kostvejledningudafhuset.dk\/index.php\/wp-json\/wp\/v2\/media?parent=20"}],"curies":[{"name":"wp","href":"https:\/\/api.w.org\/{rel}","templated":true}]}}